{"id":582,"date":"2017-12-02T13:40:35","date_gmt":"2017-12-02T13:40:35","guid":{"rendered":"http:\/\/handmitherz-massagen.ch\/?page_id=582"},"modified":"2018-11-18T07:09:37","modified_gmt":"2018-11-18T07:09:37","slug":"links-partner","status":"publish","type":"page","link":"https:\/\/handmitherz-massagen.ch\/?page_id=582","title":{"rendered":""},"content":{"rendered":"<div id=\"pl-582\"  class=\"panel-layout\" ><div id=\"pg-582-0\"  class=\"panel-grid panel-no-style\" ><div id=\"pgc-582-0-0\"  class=\"panel-grid-cell\" ><div id=\"panel-582-0-0-0\" class=\"so-panel widget widget_sow-editor panel-first-child\" data-index=\"0\" ><div class=\"so-widget-sow-editor so-widget-sow-editor-base\">\n<div class=\"siteorigin-widget-tinymce textwidget\">\n\t<p><b>Partner<\/b><br \/>\nTanner's Hofladen Steffisburg<br \/>\n<a href=\"http:\/\/www.puralpina.ch\" target=\"_blank\" rel=\"noopener\">Puralpina AG Frutigen<\/a><br \/>\n<a href=\"http:\/\/www.swissalpineherbs.ch\" target=\"_blank\" rel=\"noopener\">Swiss Alpine Herbs D\u00e4rstetten<\/a><br \/>\n<a href=\"http:\/\/www.muehlistuebli.ch\" target=\"_blank\" rel=\"noopener\">M\u00fchlist\u00fcbli Steffisburg<\/a><\/p>\n<\/div>\n<\/div><\/div><div id=\"panel-582-0-0-1\" class=\"so-panel widget widget_sow-editor panel-last-child\" data-index=\"1\" ><div class=\"so-widget-sow-editor so-widget-sow-editor-base\">\n<div class=\"siteorigin-widget-tinymce textwidget\">\n\t<p><strong>Links<\/strong><\/p>\n<p><a href=\"http:\/\/www.emindex.ch\/petra.wenger\" target=\"_blank\" rel=\"noopener\">www.emindex.ch\/petra.wenger<\/a><\/p>\n<p><a href=\"https:\/\/www.facebook.com\/petra.wenger.921\" target=\"_blank\" rel=\"noopener\">www.facebook.com\/petra.wenger.921<\/a><\/p>\n<p><a href=\"http:\/\/www.swissalpineherbs.ch\" target=\"_blank\" rel=\"noopener\">www.swissalpineherbs.ch<\/a><\/p>\n<p><a href=\"http:\/\/www.puralpina.ch\" target=\"_blank\" rel=\"noopener\">www.puralpina.ch<\/a><\/p>\n<p><a href=\"http:\/\/www.farfalla.ch\" target=\"_blank\" rel=\"noopener\">www.farfalla.ch<\/a><\/p>\n<\/div>\n<\/div><\/div><\/div><\/div><\/div>","protected":false},"excerpt":{"rendered":"<p>Partner Tanner&#8217;s Hofladen Steffisburg Puralpina AG Frutigen Swiss Alpine Herbs D\u00e4rstetten M\u00fchlist\u00fcbli Steffisburg Links www.emindex.ch\/petra.wenger www.facebook.com\/petra.wenger.921 www.swissalpineherbs.ch www.puralpina.ch www.farfalla.ch<\/p>\n","protected":false},"author":1,"featured_media":0,"parent":0,"menu_order":0,"comment_status":"closed","ping_status":"closed","template":"page-fullwidth.php","meta":[],"_links":{"self":[{"href":"https:\/\/handmitherz-massagen.ch\/index.php?rest_route=\/wp\/v2\/pages\/582"}],"collection":[{"href":"https:\/\/handmitherz-massagen.ch\/index.php?rest_route=\/wp\/v2\/pages"}],"about":[{"href":"https:\/\/handmitherz-massagen.ch\/index.php?rest_route=\/wp\/v2\/types\/page"}],"author":[{"embeddable":true,"href":"https:\/\/handmitherz-massagen.ch\/index.php?rest_route=\/wp\/v2\/users\/1"}],"replies":[{"embeddable":true,"href":"https:\/\/handmitherz-massagen.ch\/index.php?rest_route=%2Fwp%2Fv2%2Fcomments&post=582"}],"version-history":[{"count":12,"href":"https:\/\/handmitherz-massagen.ch\/index.php?rest_route=\/wp\/v2\/pages\/582\/revisions"}],"predecessor-version":[{"id":615,"href":"https:\/\/handmitherz-massagen.ch\/index.php?rest_route=\/wp\/v2\/pages\/582\/revisions\/615"}],"wp:attachment":[{"href":"https:\/\/handmitherz-massagen.ch\/index.php?rest_route=%2Fwp%2Fv2%2Fmedia&parent=582"}],"curies":[{"name":"wp","href":"https:\/\/api.w.org\/{rel}","templated":true}]}}