{"id":406,"date":"2017-07-30T17:57:26","date_gmt":"2017-07-30T17:57:26","guid":{"rendered":"http:\/\/handmitherz-massagen.ch\/?page_id=406"},"modified":"2018-11-18T11:42:30","modified_gmt":"2018-11-18T11:42:30","slug":"kundenmeinungen","status":"publish","type":"page","link":"https:\/\/handmitherz-massagen.ch\/?page_id=406","title":{"rendered":"Kundenstimmen"},"content":{"rendered":"<div id=\"pl-406\"  class=\"panel-layout\" ><div id=\"pg-406-0\"  class=\"panel-grid panel-no-style\" ><div id=\"pgc-406-0-0\"  class=\"panel-grid-cell\" ><div id=\"panel-406-0-0-0\" class=\"so-panel widget widget_sow-editor panel-first-child panel-last-child\" data-index=\"0\" ><div class=\"panel-widget-style panel-widget-style-for-406-0-0-0\" ><div class=\"so-widget-sow-editor so-widget-sow-editor-base\">\n<div class=\"siteorigin-widget-tinymce textwidget\">\n\t<p><strong>Was Kunden \u00fcber mich sagen<\/strong><\/p>\n<hr \/>\n<p>Sch\u00f6ne R\u00e4umlichkeiten, relaxte Atmosph\u00e4re und professionelle, entspannte Massage. Kann man nur empfehlen.<\/p>\n<p><i>Marion A.\u00a046<\/i><\/p>\n<hr \/>\n<p>Seit Beginn von Petras beruflicher Ver\u00e4nderung sind wir regelm\u00e4ssige Kunden. Petras nat\u00fcrliche und einf\u00fchlsame Art fanden wir von Anfang an sehr sympathisch und authentisch. Ihre F\u00e4higkeiten in der Massage \u00fcberzeugen uns jedes Mal. Petra geht auf Kundenw\u00fcnsche ein, verf\u00fcgt \u00fcber eine sehr gute Technik und besitzt ein grosses Wissen \u00fcber den menschlichen K\u00f6rper.<br \/> Sie ist immer bestrebt neue Techniken und Therapien zu erlernen. Wir haben schon s\u00e4mtliche Anwendungen ausprobiert und waren immer voll umf\u00e4nglich zufrieden und begeistert.<\/p>\n<p><em>Paar Mitte 30<\/em><\/p>\n<hr \/>\n<p>Massagen bei Petra sind sehr erholsam und helfen mir das Verletzungsrisiko bei der Arbeit (Landschaftsg\u00e4rtner) und im Badminton klein zu halten.\u00a0<br \/>Ihre fr\u00f6hliche Art sch\u00e4tze ich als Kunde sehr.<\/p>\n<p><i>Andr\u00e9 Noti 25<\/i><\/p>\n<hr \/>\n<p>Petra ich komme immer sehr gerne zu dir. Du bist nicht aufdringlich aber auch nicht zur\u00fcckhaltend, sondern zuvorkommend und offen f\u00fcr Neues. Ich fand toll, wie du deine Massagen stet's an meinem anwachsenden Schwangerschaftsbauch angepasst hast und mir die herrlich wohltuenden Massagen,trotz Bauch erm\u00f6glicht hast. Ich finde es super, wie du sogar ein spezielles Schwangerschaftskissen organisiert hast, um auch anderen Schwangeren Entspannung zu g\u00f6nnen<\/p>\n<p><i>Martina Bieri 32<\/i><\/p>\n<hr \/>\n<\/div>\n<\/div><\/div><\/div><\/div><\/div><\/div>","protected":false},"excerpt":{"rendered":"<p>Was Kunden \u00fcber mich sagen Sch\u00f6ne R\u00e4umlichkeiten, relaxte Atmosph\u00e4re und professionelle, entspannte Massage. Kann man nur empfehlen. Marion A.\u00a046 Seit Beginn von Petras beruflicher Ver\u00e4nderung sind wir regelm\u00e4ssige Kunden. Petras nat\u00fcrliche und einf\u00fchlsame Art fanden wir von Anfang an sehr &hellip; <a href=\"https:\/\/handmitherz-massagen.ch\/?page_id=406\">Weiter<\/a><\/p>\n","protected":false},"author":1,"featured_media":0,"parent":0,"menu_order":0,"comment_status":"closed","ping_status":"closed","template":"page-fullwidth.php","meta":[],"_links":{"self":[{"href":"https:\/\/handmitherz-massagen.ch\/index.php?rest_route=\/wp\/v2\/pages\/406"}],"collection":[{"href":"https:\/\/handmitherz-massagen.ch\/index.php?rest_route=\/wp\/v2\/pages"}],"about":[{"href":"https:\/\/handmitherz-massagen.ch\/index.php?rest_route=\/wp\/v2\/types\/page"}],"author":[{"embeddable":true,"href":"https:\/\/handmitherz-massagen.ch\/index.php?rest_route=\/wp\/v2\/users\/1"}],"replies":[{"embeddable":true,"href":"https:\/\/handmitherz-massagen.ch\/index.php?rest_route=%2Fwp%2Fv2%2Fcomments&post=406"}],"version-history":[{"count":30,"href":"https:\/\/handmitherz-massagen.ch\/index.php?rest_route=\/wp\/v2\/pages\/406\/revisions"}],"predecessor-version":[{"id":625,"href":"https:\/\/handmitherz-massagen.ch\/index.php?rest_route=\/wp\/v2\/pages\/406\/revisions\/625"}],"wp:attachment":[{"href":"https:\/\/handmitherz-massagen.ch\/index.php?rest_route=%2Fwp%2Fv2%2Fmedia&parent=406"}],"curies":[{"name":"wp","href":"https:\/\/api.w.org\/{rel}","templated":true}]}}